
{"id":899,"date":"2026-04-09T11:41:45","date_gmt":"2026-04-09T11:41:45","guid":{"rendered":"https:\/\/www.swaudit.com\/?page_id=899"},"modified":"2026-04-14T11:07:20","modified_gmt":"2026-04-14T11:07:20","slug":"canal-de-denuncias","status":"publish","type":"page","link":"https:\/\/www.swaudit.com\/?page_id=899","title":{"rendered":"Canal de denuncias"},"content":{"rendered":"<style><\/style>\t\t<div data-elementor-type=\"wp-page\" data-elementor-id=\"899\" class=\"elementor elementor-899\" data-elementor-post-type=\"page\">\n\t\t\t\t\t\t<section class=\"elementor-section elementor-top-section elementor-element elementor-element-03fe16c elementor-section-boxed elementor-section-height-default elementor-section-height-default\" data-id=\"03fe16c\" data-element_type=\"section\" data-e-type=\"section\">\n\t\t\t\t\t\t<div class=\"elementor-container elementor-column-gap-default\">\n\t\t\t\t\t<div class=\"elementor-column elementor-col-100 elementor-top-column elementor-element elementor-element-dc1f4a5\" data-id=\"dc1f4a5\" data-element_type=\"column\" data-e-type=\"column\">\n\t\t\t<div class=\"elementor-widget-wrap elementor-element-populated\">\n\t\t\t\t\t\t<div class=\"elementor-element elementor-element-b64819c elementor-widget elementor-widget-heading\" data-id=\"b64819c\" data-element_type=\"widget\" data-e-type=\"widget\" data-widget_type=\"heading.default\">\n\t\t\t\t<div class=\"elementor-widget-container\">\n\t\t\t\t\t<h4 class=\"elementor-heading-title elementor-size-default\">CANAL DE DENUNCIAS<\/h4>\t\t\t\t<\/div>\n\t\t\t\t<\/div>\n\t\t\t\t\t<\/div>\n\t\t<\/div>\n\t\t\t\t\t<\/div>\n\t\t<\/section>\n\t\t\t\t<section class=\"elementor-section elementor-top-section elementor-element elementor-element-b94b892 elementor-section-boxed elementor-section-height-default elementor-section-height-default\" data-id=\"b94b892\" data-element_type=\"section\" data-e-type=\"section\">\n\t\t\t\t\t\t<div class=\"elementor-container elementor-column-gap-default\">\n\t\t\t\t\t<div class=\"elementor-column elementor-col-100 elementor-top-column elementor-element elementor-element-251aac7\" data-id=\"251aac7\" data-element_type=\"column\" data-e-type=\"column\">\n\t\t\t<div class=\"elementor-widget-wrap elementor-element-populated\">\n\t\t\t\t\t\t<div class=\"elementor-element elementor-element-c3ba9b6 elementor-widget elementor-widget-wpforms\" data-id=\"c3ba9b6\" data-element_type=\"widget\" data-e-type=\"widget\" data-widget_type=\"wpforms.default\">\n\t\t\t\t<div class=\"elementor-widget-container\">\n\t\t\t\t\t<div class=\"wpforms-container wpforms-container-full wpforms-render-modern\" id=\"wpforms-892\"><form id=\"wpforms-form-892\" class=\"wpforms-validate wpforms-form\" data-formid=\"892\" method=\"post\" enctype=\"multipart\/form-data\" action=\"\/index.php?rest_route=%2Fwp%2Fv2%2Fpages%2F899&#038;wpforms_form_id=892\" data-token=\"040676aca41ffcb3784c95d9adf6c0ff\" data-token-time=\"1776678990\"><noscript class=\"wpforms-error-noscript\">Por favor, activa JavaScript en tu navegador para completar este formulario.<\/noscript><div id=\"wpforms-error-noscript\" style=\"display: none;\">Por favor, activa JavaScript en tu navegador para completar este formulario.<\/div><div class=\"wpforms-field-container\">\t\t<div id=\"wpforms-892-field_10-container\"\n\t\t\tclass=\"wpforms-field wpforms-field-text\"\n\t\t\tdata-field-type=\"text\"\n\t\t\tdata-field-id=\"10\"\n\t\t\t>\n\t\t\t<label class=\"wpforms-field-label\" for=\"wpforms-892-field_10\" >Lugar el (opcional)<\/label>\n\t\t\t<input type=\"text\" id=\"wpforms-892-field_10\" class=\"wpforms-field-medium\" name=\"wpforms[fields][10]\" >\n\t\t<\/div>\n\t\t<div id=\"wpforms-892-field_1-container\" class=\"wpforms-field wpforms-field-select wpforms-field-select-style-classic\" data-field-id=\"1\"><label class=\"wpforms-field-label\" for=\"wpforms-892-field_1\">Tipo de denuncia<\/label><select id=\"wpforms-892-field_1\" class=\"wpforms-field-medium\" name=\"wpforms[fields][1]\"><option value=\"Acoso\"  class=\"choice-1 depth-1\"  >Acoso<\/option><option value=\"Fraude\"  class=\"choice-2 depth-1\"  >Fraude<\/option><option value=\"Corrupci\u00f3n\"  class=\"choice-3 depth-1\"  >Corrupci\u00f3n<\/option><option value=\"Conflicto de inter\u00e9s\"  class=\"choice-4 depth-1\"  >Conflicto de inter\u00e9s<\/option><option value=\"Otro\"  class=\"choice-5 depth-1\"  >Otro<\/option><\/select><\/div><div id=\"wpforms-892-field_2-container\" class=\"wpforms-field wpforms-field-textarea\" data-field-id=\"2\"><label class=\"wpforms-field-label\" for=\"wpforms-892-field_2\">Descripci\u00f3n de la denuncia<\/label><textarea id=\"wpforms-892-field_2\" class=\"wpforms-field-medium\" name=\"wpforms[fields][2]\" aria-errormessage=\"wpforms-892-field_2-error\" ><\/textarea><\/div><div id=\"wpforms-892-field_3-container\" class=\"wpforms-field wpforms-field-text\" data-field-id=\"3\"><label class=\"wpforms-field-label\" for=\"wpforms-892-field_3\">Lugar \/ \u00e1rea \/ departamento<\/label><input type=\"text\" id=\"wpforms-892-field_3\" class=\"wpforms-field-medium\" name=\"wpforms[fields][3]\" aria-errormessage=\"wpforms-892-field_3-error\" ><\/div><div id=\"wpforms-892-field_4-container\" class=\"wpforms-field wpforms-field-date-time\" data-field-id=\"4\"><fieldset><legend class=\"wpforms-field-label\">Fecha y hora del incidente<\/legend><div class=\"wpforms-field-row wpforms-field-medium\"><div class=\"wpforms-field-row-block wpforms-date-type-datepicker\"><div class=\"wpforms-datepicker-wrap\"><input type=\"text\" id=\"wpforms-892-field_4\" class=\"wpforms-field-date-time-date wpforms-datepicker\" data-date-format=\"m\/d\/Y\" data-disable-past-dates=\"0\" data-input=\"true\" name=\"wpforms[fields][4][date]\" aria-errormessage=\"wpforms-892-field_4-error\" ><a title=\"Borrar fecha\" data-clear role=\"button\" tabindex=\"0\" class=\"wpforms-datepicker-clear\" aria-label=\"Borrar fecha\" style=\"display:none;\"><\/a><\/div><label for=\"wpforms-892-field_4\" class=\"wpforms-field-sublabel after\">Fecha<\/label><\/div><div class=\"wpforms-field-row-block\"><input type=\"text\" id=\"wpforms-892-field_4-time\" class=\"wpforms-field-date-time-time wpforms-timepicker\" data-time-format=\"g:i A\" data-step=\"30\" data-rule-time12h=\"true\" name=\"wpforms[fields][4][time]\" aria-errormessage=\"wpforms-892-field_4-time-error\" ><label for=\"wpforms-892-field_4-time\" class=\"wpforms-field-sublabel after\">Hora<\/label><\/div><\/div><\/fieldset><\/div><div id=\"wpforms-892-field_5-container\" class=\"wpforms-field wpforms-field-checkbox wpforms-conditional-trigger\" data-field-id=\"5\"><fieldset><legend class=\"wpforms-field-label\">\u00bfDesea mantener el anonimato?<\/legend><ul id=\"wpforms-892-field_5\"><li class=\"choice-1 depth-1\"><input type=\"checkbox\" id=\"wpforms-892-field_5_1\" name=\"wpforms[fields][5][]\" value=\"S\u00ed, deseo mantener el anonimato\" aria-errormessage=\"wpforms-892-field_5_1-error\"  ><label class=\"wpforms-field-label-inline\" for=\"wpforms-892-field_5_1\">S\u00ed, deseo mantener el anonimato<\/label><\/li><\/ul><\/fieldset><\/div><div id=\"wpforms-892-field_6-container\" class=\"wpforms-field wpforms-field-name wpforms-conditional-field wpforms-conditional-show\" data-field-id=\"6\" style=\"display:none;\"><fieldset><legend class=\"wpforms-field-label\">Nombre y apellidos (opcional)<\/legend><div class=\"wpforms-field-row wpforms-field-medium\"><div class=\"wpforms-field-row-block wpforms-first wpforms-one-half\"><input type=\"text\" id=\"wpforms-892-field_6\" class=\"wpforms-field-name-first\" name=\"wpforms[fields][6][first]\" aria-errormessage=\"wpforms-892-field_6-error\" ><label for=\"wpforms-892-field_6\" class=\"wpforms-field-sublabel after\">Nombre<\/label><\/div><div class=\"wpforms-field-row-block wpforms-one-half\"><input type=\"text\" id=\"wpforms-892-field_6-last\" class=\"wpforms-field-name-last\" name=\"wpforms[fields][6][last]\" aria-errormessage=\"wpforms-892-field_6-last-error\" ><label for=\"wpforms-892-field_6-last\" class=\"wpforms-field-sublabel after\">Apellidos<\/label><\/div><\/div><\/fieldset><\/div><div id=\"wpforms-892-field_7-container\" class=\"wpforms-field wpforms-field-email wpforms-conditional-field wpforms-conditional-show\" data-field-id=\"7\" style=\"display:none;\"><label class=\"wpforms-field-label\" for=\"wpforms-892-field_7\">Correo electr\u00f3nico (opcional)<\/label><input type=\"email\" id=\"wpforms-892-field_7\" class=\"wpforms-field-medium\" name=\"wpforms[fields][7]\" spellcheck=\"false\" aria-errormessage=\"wpforms-892-field_7-error\" ><\/div><div id=\"wpforms-892-field_8-container\" class=\"wpforms-field wpforms-field-phone wpforms-conditional-field wpforms-conditional-show\" data-field-id=\"8\" style=\"display:none;\"><label class=\"wpforms-field-label\" for=\"wpforms-892-field_8\">Tel\u00e9fono (opcional)<\/label><input type=\"tel\" id=\"wpforms-892-field_8\" class=\"wpforms-field-medium wpforms-smart-phone-field\" data-rule-smart-phone-field=\"true\" name=\"wpforms[fields][8]\" aria-label=\"Tel\u00e9fono (opcional)\" aria-errormessage=\"wpforms-892-field_8-error\" ><\/div><div id=\"wpforms-892-field_9-container\" class=\"wpforms-field wpforms-field-file-upload\" data-field-id=\"9\"><label class=\"wpforms-field-label\" for=\"wpforms-892-field_9\">Adjuntar evidencias (opcional)<\/label><div\n\t\tclass=\"wpforms-uploader \"\n\t\tdata-field-id=\"9\"\n\t\tdata-form-id=\"892\"\n\t\tdata-input-name=\"wpforms_892_9\"\n\t\tdata-extensions=\"jpg,jpeg,jpe,gif,png,bmp,tiff,tif,webp,avif,ico,heic,heif,heics,heifs,asf,asx,wmv,wmx,wm,avi,divx,mov,qt,mpeg,mpg,mpe,mp4,m4v,ogv,webm,mkv,3gp,3gpp,3g2,3gp2,txt,asc,c,cc,h,srt,csv,tsv,ics,rtx,css,vtt,mp3,m4a,m4b,aac,ra,ram,wav,x-wav,ogg,oga,flac,mid,midi,wma,wax,mka,rtf,pdf,class,tar,zip,gz,gzip,rar,7z,psd,xcf,doc,pot,pps,ppt,wri,xla,xls,xlt,xlw,mpp,docx,docm,dotx,dotm,xlsx,xlsm,xlsb,xltx,xltm,xlam,pptx,pptm,ppsx,ppsm,potx,potm,ppam,sldx,sldm,onetoc,onetoc2,onepkg,oxps,xps,odt,odp,ods,odg,odc,odb,odf,wp,wpd,key,numbers,pages,ttf,otf,woff,svg,eot,ogg\"\n\t\tdata-max-size=\"8388608\"\n\t\tdata-max-file-number=\"1\"\n\t\tdata-post-max-size=\"8388608\"\n\t\tdata-max-parallel-uploads=\"4\"\n\t\tdata-parallel-uploads=\"true\"\n\t\tdata-file-chunk-size=\"2097152\">\n\t<div class=\"dz-message\">\n\t\t<svg  viewBox=\"0 0 640 640\" focusable=\"false\" data-icon=\"inbox\" width=\"50px\" height=\"50px\" fill=\"currentColor\" aria-hidden=\"true\">\n\t\t\t<path d=\"M352 173.3L352 384C352 401.7 337.7 416 320 416C302.3 416 288 401.7 288 384L288 173.3L246.6 214.7C234.1 227.2 213.8 227.2 201.3 214.7C188.8 202.2 188.8 181.9 201.3 169.4L297.3 73.4C309.8 60.9 330.1 60.9 342.6 73.4L438.6 169.4C451.1 181.9 451.1 202.2 438.6 214.7C426.1 227.2 405.8 227.2 393.3 214.7L352 173.3zM320 464C364.2 464 400 428.2 400 384L480 384C515.3 384 544 412.7 544 448L544 480C544 515.3 515.3 544 480 544L160 544C124.7 544 96 515.3 96 480L96 448C96 412.7 124.7 384 160 384L240 384C240 428.2 275.8 464 320 464zM464 488C477.3 488 488 477.3 488 464C488 450.7 477.3 440 464 440C450.7 440 440 450.7 440 464C440 477.3 450.7 488 464 488z\"\/>\n\t\t<\/svg>\n\n\t\t<span class=\"modern-title\">\n\t\t\t\t\t\t\tDrag &amp; Drop Files, \t\t\t\t<span>Choose Files to Upload<\/span>\n\t\t\t\t\t<\/span>\n\n\t\t\t<\/div>\n<\/div>\n\n<input\n\t\ttype=\"text\"\n\t\tautocomplete=\"off\"\n\t\treadonly\n\t\tclass=\"dropzone-input\"\n\t\tstyle=\"position:absolute!important;clip:rect(0,0,0,0)!important;height:1px!important;width:1px!important;border:0!important;overflow:hidden!important;padding:0!important;margin:0!important;\"\n\t\tid=\"wpforms-892-field_9\"\n\t\tname=\"wpforms_892_9\" \t\tvalue=\"\">\n<\/div><div id=\"wpforms-892-field_12-container\" class=\"wpforms-field wpforms-field-checkbox\" data-field-id=\"12\"><fieldset><legend class=\"wpforms-field-label\">Aceptar informaci\u00f3n de privacidad <span class=\"wpforms-required-label\" aria-hidden=\"true\">*<\/span><\/legend><ul id=\"wpforms-892-field_12\" class=\"wpforms-field-required\"><li class=\"choice-1 depth-1\"><input type=\"checkbox\" id=\"wpforms-892-field_12_1\" name=\"wpforms[fields][12][]\" value=\"He le\u00eddo y acepto la informaci\u00f3n de privacidad del Canal de denuncias.\" aria-errormessage=\"wpforms-892-field_12_1-error\" aria-describedby=\"wpforms-892-field_12-description\" required ><label class=\"wpforms-field-label-inline\" for=\"wpforms-892-field_12_1\">He le\u00eddo y acepto la informaci\u00f3n de privacidad del Canal de denuncias.<\/label><\/li><\/ul><div id=\"wpforms-892-field_12-description\" class=\"wpforms-field-description\">He le\u00eddo y acepto la <a href=\"\/aviso-legal\" target=\"_blank\">informaci\u00f3n legal<\/a> y la <a href=\"\/politica-privacidad\" target=\"_blank\">pol\u00edtica de privacidad<\/a> relacionadas con este Canal de denuncias.<\/div><\/fieldset><\/div><script>\n\t\t\t\t( function() {\n\t\t\t\t\tconst style = document.createElement( 'style' );\n\t\t\t\t\tstyle.appendChild( document.createTextNode( '#wpforms-892-field_10-container { position: absolute !important; overflow: hidden !important; display: inline !important; height: 1px !important; width: 1px !important; z-index: -1000 !important; padding: 0 !important; } #wpforms-892-field_10-container input { visibility: hidden; } #wpforms-conversational-form-page #wpforms-892-field_10-container label { counter-increment: none; }' ) );\n\t\t\t\t\tdocument.head.appendChild( style );\n\t\t\t\t\tdocument.currentScript?.remove();\n\t\t\t\t} )();\n\t\t\t<\/script><\/div><!-- .wpforms-field-container --><div class=\"wpforms-submit-container\" ><input type=\"hidden\" name=\"wpforms[id]\" value=\"892\"><input type=\"hidden\" name=\"page_title\" value=\"\"><input type=\"hidden\" name=\"page_url\" value=\"https:\/\/www.swaudit.com\/index.php?rest_route=\/wp\/v2\/pages\/899\"><input type=\"hidden\" name=\"url_referer\" value=\"\"><button type=\"submit\" name=\"wpforms[submit]\" id=\"wpforms-submit-892\" class=\"wpforms-submit\" data-alt-text=\"Enviando...\" data-submit-text=\"Submit\" aria-live=\"assertive\" value=\"wpforms-submit\">Submit<\/button><\/div><\/form><\/div>  <!-- .wpforms-container -->\t\t\t\t<\/div>\n\t\t\t\t<\/div>\n\t\t\t\t\t<\/div>\n\t\t<\/div>\n\t\t\t\t\t<\/div>\n\t\t<\/section>\n\t\t\t\t<\/div>\n\t\t","protected":false},"excerpt":{"rendered":"<p>CANAL DE DENUNCIAS Por favor, activa JavaScript en tu navegador para completar este formulario.Por favor, activa JavaScript en tu navegador para completar este formulario.Tipo de denunciaAcosoFraudeCorrupci\u00f3nConflicto de inter\u00e9sOtroDescripci\u00f3n de la denunciaLugar \/ \u00e1rea \/ departamento Fecha y hora del incidente FechaHora \u00bfDesea mantener el anonimato? S\u00ed, deseo mantener el anonimato Nombre y apellidos (opcional) NombreApellidos [&hellip;]<\/p>\n","protected":false},"author":3,"featured_media":0,"parent":0,"menu_order":0,"comment_status":"closed","ping_status":"closed","template":"elementor_canvas","meta":{"footnotes":""},"class_list":["post-899","page","type-page","status-publish","hentry"],"_links":{"self":[{"href":"https:\/\/www.swaudit.com\/index.php?rest_route=\/wp\/v2\/pages\/899","targetHints":{"allow":["GET"]}}],"collection":[{"href":"https:\/\/www.swaudit.com\/index.php?rest_route=\/wp\/v2\/pages"}],"about":[{"href":"https:\/\/www.swaudit.com\/index.php?rest_route=\/wp\/v2\/types\/page"}],"author":[{"embeddable":true,"href":"https:\/\/www.swaudit.com\/index.php?rest_route=\/wp\/v2\/users\/3"}],"replies":[{"embeddable":true,"href":"https:\/\/www.swaudit.com\/index.php?rest_route=%2Fwp%2Fv2%2Fcomments&post=899"}],"version-history":[{"count":10,"href":"https:\/\/www.swaudit.com\/index.php?rest_route=\/wp\/v2\/pages\/899\/revisions"}],"predecessor-version":[{"id":918,"href":"https:\/\/www.swaudit.com\/index.php?rest_route=\/wp\/v2\/pages\/899\/revisions\/918"}],"wp:attachment":[{"href":"https:\/\/www.swaudit.com\/index.php?rest_route=%2Fwp%2Fv2%2Fmedia&parent=899"}],"curies":[{"name":"wp","href":"https:\/\/api.w.org\/{rel}","templated":true}]}}